{"id":31,"date":"2016-06-28T22:08:34","date_gmt":"2016-06-28T20:08:34","guid":{"rendered":"http:\/\/lebensart-usedom.de\/wordpress\/?page_id=31"},"modified":"2016-12-20T21:34:46","modified_gmt":"2016-12-20T20:34:46","slug":"ueber-lebensart","status":"publish","type":"page","link":"https:\/\/lebensart-usedom.de\/wordpress\/ueber-lebensart\/","title":{"rendered":"\u00dcber LebensArt"},"content":{"rendered":"<p>LebensArt im besten Sinne pr\u00e4sentiert der gleichnamige kleine Laden an der Ahlbecker Promenade.<br \/>\nSeit nahezu 15 Jahren schafft Inhaberin Annette Loock-Saadi hier gemeinsam mit ihrer Mitarbeiterin Peggy eine einzigartige nat\u00fcrliche Komposition aus originellen Farben und Formen.<br \/>\nDazu geh\u00f6rt neben namenhaften Herstellern von Tischw\u00e4sche und Heimtextilien wie Bassetti und Jaquard de France, mundgeblasenes Glas, Kerzen, Geschenke, M\u00f6bel und Wohnaccessoires im mediterranen Landhausstil, auch farbenfrohe Keramik aus eigener Herstellung.<br \/>\nDiese findet immer mehr Zustimmung und wird auch nach Auftrag als Einzelst\u00fcck gefertigt.<br \/>\nDie entspannte Atmosph\u00e4re, mit Liebe zum Detail, im Wohlklang von Musik und individueller Zuwendung, stellen die sinnliche und emotionale Besonderheit der LebensArt dar. Hier kann der Besucher alle Eindr\u00fccke wirken lassen, die Seele baumeln und sich inspirieren lassen. <\/p>\n","protected":false},"excerpt":{"rendered":"<p>LebensArt im besten Sinne pr\u00e4sentiert der gleichnamige kleine Laden an der Ahlbecker Promenade. Seit nahezu 15 Jahren schafft Inhaberin Annette Loock-Saadi hier gemeinsam mit ihrer Mitarbeiterin Peggy eine einzigartige nat\u00fcrliche Komposition aus originellen Farben und Formen. Dazu geh\u00f6rt neben namenhaften Herstellern von Tischw\u00e4sche und Heimtextilien wie Bassetti und Jaquard de France, mundgeblasenes Glas, Kerzen, Geschenke, [&hellip;]<\/p>\n","protected":false},"author":1,"featured_media":0,"parent":0,"menu_order":0,"comment_status":"closed","ping_status":"closed","template":"template-fullwidth.php","meta":{"_bbp_topic_count":0,"_bbp_reply_count":0,"_bbp_total_topic_count":0,"_bbp_total_reply_count":0,"_bbp_voice_count":0,"_bbp_anonymous_reply_count":0,"_bbp_topic_count_hidden":0,"_bbp_reply_count_hidden":0,"_bbp_forum_subforum_count":0},"_links":{"self":[{"href":"https:\/\/lebensart-usedom.de\/wordpress\/wp-json\/wp\/v2\/pages\/31"}],"collection":[{"href":"https:\/\/lebensart-usedom.de\/wordpress\/wp-json\/wp\/v2\/pages"}],"about":[{"href":"https:\/\/lebensart-usedom.de\/wordpress\/wp-json\/wp\/v2\/types\/page"}],"author":[{"embeddable":true,"href":"https:\/\/lebensart-usedom.de\/wordpress\/wp-json\/wp\/v2\/users\/1"}],"replies":[{"embeddable":true,"href":"https:\/\/lebensart-usedom.de\/wordpress\/wp-json\/wp\/v2\/comments?post=31"}],"version-history":[{"count":5,"href":"https:\/\/lebensart-usedom.de\/wordpress\/wp-json\/wp\/v2\/pages\/31\/revisions"}],"predecessor-version":[{"id":861,"href":"https:\/\/lebensart-usedom.de\/wordpress\/wp-json\/wp\/v2\/pages\/31\/revisions\/861"}],"wp:attachment":[{"href":"https:\/\/lebensart-usedom.de\/wordpress\/wp-json\/wp\/v2\/media?parent=31"}],"curies":[{"name":"wp","href":"https:\/\/api.w.org\/{rel}","templated":true}]}}