{"id":33,"date":"2016-06-28T22:08:58","date_gmt":"2016-06-28T20:08:58","guid":{"rendered":"http:\/\/lebensart-usedom.de\/wordpress\/?page_id=33"},"modified":"2016-10-18T14:55:03","modified_gmt":"2016-10-18T12:55:03","slug":"keramik","status":"publish","type":"page","link":"https:\/\/lebensart-usedom.de\/wordpress\/keramik\/","title":{"rendered":"Keramik"},"content":{"rendered":"<p>In unserem Gesch\u00e4ft finden Sie eine gro\u00dfe Auswahl handgefertigter Keramik, wie Gebrauchsgeschirr, Licht-und R\u00e4ucherh\u00e4user, Leuchter, Spar- und Kerzenschweine, viele verschiedene Anh\u00e4nger usw.<br \/>\nJedes von Annette Loock-Saadi angefertigte St\u00fcck ist ein Unikat.<br \/>\nDie Teile mit Muster-Dekor sind besonders zeitaufwendig herzustellen. Daher werden diese nur auf Anfrage und Bestellung produziert. Generell liegt die Wartezeit f\u00fcr Keramik-Artikel bei ca. 3 Wochen.<br \/>\nEinige dieser Werke sind auch \u00fcber\u2019s Internet zu bestellen. Besuchen sie dazu die Seiten.<\/p>\n<p>Wir bieten Ihnen auf Anfrage die M\u00f6glichkeit, an Keramikkursen teilzunehmen.<\/p>\n<p><!--\nLichth\u00e4user und R\u00e4ucherh\u00e4user\nDie von Annette gefertigten Licht- und R\u00e4ucherh\u00e4user sind beliebt durch ihre eigenwilligen Formen und der aufwendigen Art und Weise der Bemalung. Die Gr\u00f6\u00dfen und Formen sind ganz unterschiedlich. Jedes einzelne Haus ist ein Unikat und damit immer wieder eine neue \u00dcberraschung. Suchen Sie z.B. ein aussergew\u00f6hnliches Geschenk z.B. zu einer Hochzeit; Silberhochzeit oder Gesch\u00e4ftser\u00f6ffnung ?\nSehen Sie sich die H\u00e4user an oder kontaktieren Sie uns. Gern beraten wir Sie!\n--><\/p>\n","protected":false},"excerpt":{"rendered":"<p>In unserem Gesch\u00e4ft finden Sie eine gro\u00dfe Auswahl handgefertigter Keramik, wie Gebrauchsgeschirr, Licht-und R\u00e4ucherh\u00e4user, Leuchter, Spar- und Kerzenschweine, viele verschiedene Anh\u00e4nger usw. Jedes von Annette Loock-Saadi angefertigte St\u00fcck ist ein Unikat. Die Teile mit Muster-Dekor sind besonders zeitaufwendig herzustellen. Daher werden diese nur auf Anfrage und Bestellung produziert. Generell liegt die Wartezeit f\u00fcr Keramik-Artikel bei [&hellip;]<\/p>\n","protected":false},"author":1,"featured_media":0,"parent":0,"menu_order":0,"comment_status":"closed","ping_status":"closed","template":"template-fullwidth.php","meta":{"_bbp_topic_count":0,"_bbp_reply_count":0,"_bbp_total_topic_count":0,"_bbp_total_reply_count":0,"_bbp_voice_count":0,"_bbp_anonymous_reply_count":0,"_bbp_topic_count_hidden":0,"_bbp_reply_count_hidden":0,"_bbp_forum_subforum_count":0},"_links":{"self":[{"href":"https:\/\/lebensart-usedom.de\/wordpress\/wp-json\/wp\/v2\/pages\/33"}],"collection":[{"href":"https:\/\/lebensart-usedom.de\/wordpress\/wp-json\/wp\/v2\/pages"}],"about":[{"href":"https:\/\/lebensart-usedom.de\/wordpress\/wp-json\/wp\/v2\/types\/page"}],"author":[{"embeddable":true,"href":"https:\/\/lebensart-usedom.de\/wordpress\/wp-json\/wp\/v2\/users\/1"}],"replies":[{"embeddable":true,"href":"https:\/\/lebensart-usedom.de\/wordpress\/wp-json\/wp\/v2\/comments?post=33"}],"version-history":[{"count":9,"href":"https:\/\/lebensart-usedom.de\/wordpress\/wp-json\/wp\/v2\/pages\/33\/revisions"}],"predecessor-version":[{"id":670,"href":"https:\/\/lebensart-usedom.de\/wordpress\/wp-json\/wp\/v2\/pages\/33\/revisions\/670"}],"wp:attachment":[{"href":"https:\/\/lebensart-usedom.de\/wordpress\/wp-json\/wp\/v2\/media?parent=33"}],"curies":[{"name":"wp","href":"https:\/\/api.w.org\/{rel}","templated":true}]}}