{"id":35,"date":"2016-06-28T22:09:20","date_gmt":"2016-06-28T20:09:20","guid":{"rendered":"http:\/\/lebensart-usedom.de\/wordpress\/?page_id=35"},"modified":"2019-10-26T11:36:51","modified_gmt":"2019-10-26T09:36:51","slug":"kontakt","status":"publish","type":"page","link":"https:\/\/lebensart-usedom.de\/wordpress\/kontakt\/","title":{"rendered":"Kontakt"},"content":{"rendered":"<p>Unser Ladengesch\u00e4ft finden Sie hier:<\/p>\n<p>D\u00fcnenstra\u00dfe 40<br \/>\n17419 Seebad Ahlbeck<\/p>\n<p>Telefonnummer: 038378 339 911<br \/>\nE-Mailadresse: mail@lebensart-usedom.de<\/p>\n<p>Ab sofort haben wir folgende Winter\u00f6ffnungszeiten:<br \/>\nMontag &#8211; Samstag von 11:00 bis 17:00 Uhr,<\/p>\n<p>Sonntags bleibt unser Gesch\u00e4ft geschlossen.<\/p>\n<p>&nbsp;<br \/>\n<iframe loading=\"lazy\" src=\"https:\/\/www.google.com\/maps\/embed?pb=!1m18!1m12!1m3!1d2348.4554457102577!2d14.18883501586096!3d53.94141778010805!2m3!1f0!2f0!3f0!3m2!1i1024!2i768!4f13.1!3m3!1m2!1s0x47aa587ed82d5a0b%3A0x51cfba0eae731e5!2sAhlbeck%2C+D%C3%BCnenstra%C3%9Fe+40%2C+17419+Heringsdorf!5e0!3m2!1sde!2sde!4v1467281555398\" width=\"600\" height=\"450\" frameborder=\"0\" style=\"border:0\" allowfullscreen><\/iframe><\/p>\n<p>Sie haben spezielle Ideen und W\u00fcnsche?<br \/>\nDann nutzen Sie unser <a href=\"http:\/\/lebensart-usedom.de\/wordpress\/kundenwuensche\/\" title=\"Kundenw\u00fcnsche\">> Kontaktformular<\/a>.<\/p>\n","protected":false},"excerpt":{"rendered":"<p>Unser Ladengesch\u00e4ft finden Sie hier: D\u00fcnenstra\u00dfe 40 17419 Seebad Ahlbeck Telefonnummer: 038378 339 911 E-Mailadresse: mail@lebensart-usedom.de Ab sofort haben wir folgende Winter\u00f6ffnungszeiten: Montag &#8211; Samstag von 11:00 bis 17:00 Uhr, Sonntags bleibt unser Gesch\u00e4ft geschlossen. &nbsp; Sie haben spezielle Ideen und W\u00fcnsche? Dann nutzen Sie unser > Kontaktformular.<\/p>\n","protected":false},"author":1,"featured_media":0,"parent":0,"menu_order":0,"comment_status":"closed","ping_status":"closed","template":"template-fullwidth.php","meta":{"_bbp_topic_count":0,"_bbp_reply_count":0,"_bbp_total_topic_count":0,"_bbp_total_reply_count":0,"_bbp_voice_count":0,"_bbp_anonymous_reply_count":0,"_bbp_topic_count_hidden":0,"_bbp_reply_count_hidden":0,"_bbp_forum_subforum_count":0},"_links":{"self":[{"href":"https:\/\/lebensart-usedom.de\/wordpress\/wp-json\/wp\/v2\/pages\/35"}],"collection":[{"href":"https:\/\/lebensart-usedom.de\/wordpress\/wp-json\/wp\/v2\/pages"}],"about":[{"href":"https:\/\/lebensart-usedom.de\/wordpress\/wp-json\/wp\/v2\/types\/page"}],"author":[{"embeddable":true,"href":"https:\/\/lebensart-usedom.de\/wordpress\/wp-json\/wp\/v2\/users\/1"}],"replies":[{"embeddable":true,"href":"https:\/\/lebensart-usedom.de\/wordpress\/wp-json\/wp\/v2\/comments?post=35"}],"version-history":[{"count":15,"href":"https:\/\/lebensart-usedom.de\/wordpress\/wp-json\/wp\/v2\/pages\/35\/revisions"}],"predecessor-version":[{"id":1049,"href":"https:\/\/lebensart-usedom.de\/wordpress\/wp-json\/wp\/v2\/pages\/35\/revisions\/1049"}],"wp:attachment":[{"href":"https:\/\/lebensart-usedom.de\/wordpress\/wp-json\/wp\/v2\/media?parent=35"}],"curies":[{"name":"wp","href":"https:\/\/api.w.org\/{rel}","templated":true}]}}