{"id":40,"date":"2016-06-28T22:11:26","date_gmt":"2016-06-28T20:11:26","guid":{"rendered":"http:\/\/lebensart-usedom.de\/wordpress\/?page_id=40"},"modified":"2016-08-17T16:34:08","modified_gmt":"2016-08-17T14:34:08","slug":"anfahrt-oeffnungszeiten","status":"publish","type":"page","link":"https:\/\/lebensart-usedom.de\/wordpress\/anfahrt-oeffnungszeiten\/","title":{"rendered":"Anfahrt"},"content":{"rendered":"<p><img decoding=\"async\" src=\"http:\/\/lebensart-usedom.de\/wordpress\/wp-content\/uploads\/2016\/08\/laden-LebensArt1.jpg\" style=\"width:100%; max-width:768px\" alt=\"\"><\/p>\n<p>Mein Ladengesch\u00e4ft an der Strandpromenade in Ahlbeck.<\/p>\n<p>D\u00fcnenstra\u00dfe 40<br \/>\n17419 Seebad Ahlbeck<\/p>\n<p><iframe loading=\"lazy\" style=\"border: 0;\" src=\"https:\/\/www.google.com\/maps\/embed?pb=!1m18!1m12!1m3!1d2348.4554457102577!2d14.18883501586096!3d53.94141778010805!2m3!1f0!2f0!3f0!3m2!1i1024!2i768!4f13.1!3m3!1m2!1s0x47aa587ed82d5a0b%3A0x51cfba0eae731e5!2sAhlbeck%2C+D%C3%BCnenstra%C3%9Fe+40%2C+17419+Heringsdorf!5e0!3m2!1sde!2sde!4v1467281555398\" width=\"768\" height=\"450\" frameborder=\"0\" allowfullscreen=\"allowfullscreen\"><\/iframe><\/p>\n","protected":false},"excerpt":{"rendered":"<p>Mein Ladengesch\u00e4ft an der Strandpromenade in Ahlbeck. D\u00fcnenstra\u00dfe 40 17419 Seebad Ahlbeck<\/p>\n","protected":false},"author":1,"featured_media":0,"parent":0,"menu_order":0,"comment_status":"closed","ping_status":"closed","template":"template-fullwidth.php","meta":{"_bbp_topic_count":0,"_bbp_reply_count":0,"_bbp_total_topic_count":0,"_bbp_total_reply_count":0,"_bbp_voice_count":0,"_bbp_anonymous_reply_count":0,"_bbp_topic_count_hidden":0,"_bbp_reply_count_hidden":0,"_bbp_forum_subforum_count":0},"_links":{"self":[{"href":"https:\/\/lebensart-usedom.de\/wordpress\/wp-json\/wp\/v2\/pages\/40"}],"collection":[{"href":"https:\/\/lebensart-usedom.de\/wordpress\/wp-json\/wp\/v2\/pages"}],"about":[{"href":"https:\/\/lebensart-usedom.de\/wordpress\/wp-json\/wp\/v2\/types\/page"}],"author":[{"embeddable":true,"href":"https:\/\/lebensart-usedom.de\/wordpress\/wp-json\/wp\/v2\/users\/1"}],"replies":[{"embeddable":true,"href":"https:\/\/lebensart-usedom.de\/wordpress\/wp-json\/wp\/v2\/comments?post=40"}],"version-history":[{"count":10,"href":"https:\/\/lebensart-usedom.de\/wordpress\/wp-json\/wp\/v2\/pages\/40\/revisions"}],"predecessor-version":[{"id":521,"href":"https:\/\/lebensart-usedom.de\/wordpress\/wp-json\/wp\/v2\/pages\/40\/revisions\/521"}],"wp:attachment":[{"href":"https:\/\/lebensart-usedom.de\/wordpress\/wp-json\/wp\/v2\/media?parent=40"}],"curies":[{"name":"wp","href":"https:\/\/api.w.org\/{rel}","templated":true}]}}