{"id":7,"date":"2016-06-28T20:23:46","date_gmt":"2016-06-28T18:23:46","guid":{"rendered":"http:\/\/lebensart-usedom.de\/wordpress\/impressum\/"},"modified":"2019-10-13T11:25:16","modified_gmt":"2019-10-13T09:25:16","slug":"impressum","status":"publish","type":"page","link":"https:\/\/lebensart-usedom.de\/wordpress\/impressum\/","title":{"rendered":"Impressum"},"content":{"rendered":"<h2>Angaben gem\u00e4\u00df \u00a7 5 TMG:<\/h2>\n<p>\nLebensArt &#8211; Wohnen wird bei uns Poesie<br \/>\nGesch\u00e4ftsf\u00fcherin:<br \/>\nAnette Loock-Saadi<\/p>\n<p>D\u00fcnenstra\u00dfe 40<br \/>\n17419  Seebad Ahlbeck\n<\/p>\n<h2>Kontaktm\u00f6glichkeiten:<\/h2>\n<p>Telefon: 038378 339 911<br \/>\nE-Mail: mail@lebensart-usedom.de<\/p>\n<h2>Umsatzsteuer:<\/h2>\n<p>Umsatzsteuer-Identifikationsnummer gem\u00e4\u00df \u00a727a Umsatzsteuergesetz:<br \/>\nDE 813 514 018<\/p>\n<h2>Streitschlichtung<\/h2>\n<p>Die EU-Kommission hat eine Internetplattform zur Online-Beilegung von Streitigkeiten (sog. \u201eOS-Plattform\u201c) geschaffen. Die OS-Plattform dient als Anlaufstelle zur au\u00dfergerichtlichen Beilegung von Streitigkeiten betreffend vertragliche Verpflichtungen, die aus Online-Kaufvertr\u00e4gen erwachsen. Die OS-Plattform ist unter dem folgenden Link zu erreichen: <a href=\"http:\/\/ec.europa.eu\/consumers\/odr\">http:\/\/ec.europa.eu\/consumers\/odr<\/a>.<br \/> Unsere E-Mail-Adresse finden Sie oben im Impressum.<\/p>\n<p>Wir sind nicht bereit oder verpflichtet, an Streitbeilegungsverfahren vor einer Verbraucherschlichtungsstelle teilzunehmen.<\/p>\n<h3>Haftung f\u00fcr Inhalte<\/h3>\n<p>Als Diensteanbieter sind wir gem\u00e4\u00df \u00a7 7 Abs.1 TMG f\u00fcr eigene Inhalte auf diesen Seiten nach den allgemeinen Gesetzen verantwortlich.<br \/> Nach \u00a7\u00a7 8 bis 10 TMG sind wir als Diensteanbieter jedoch nicht verpflichtet, \u00fcbermittelte oder gespeicherte fremde Informationen zu \u00fcberwachen oder nach Umst\u00e4nden zu forschen, die auf eine rechtswidrige T\u00e4tigkeit hinweisen.<br \/>\nVerpflichtungen zur Entfernung oder Sperrung der Nutzung von Informationen nach den allgemeinen Gesetzen bleiben hiervon unber\u00fchrt. Eine diesbez\u00fcgliche Haftung ist jedoch erst ab dem Zeitpunkt der Kenntnis einer konkreten Rechtsverletzung m\u00f6glich. Bei Bekanntwerden von entsprechenden Rechtsverletzungen werden wir diese Inhalte umgehend entfernen.<\/p>\n<h3>Haftung f\u00fcr Links<\/h3>\n<p>Unser Angebot enth\u00e4lt Links zu externen Websites Dritter, auf deren Inhalte wir keinen Einfluss haben. Deshalb k\u00f6nnen wir f\u00fcr diese fremden Inhalte auch keine Gew\u00e4hr \u00fcbernehmen. F\u00fcr die Inhalte der verlinkten Seiten ist stets der jeweilige Anbieter oder Betreiber der Seiten verantwortlich. Die verlinkten Seiten wurden zum Zeitpunkt der Verlinkung auf m\u00f6gliche Rechtsverst\u00f6\u00dfe \u00fcberpr\u00fcft. Rechtswidrige Inhalte waren zum Zeitpunkt der Verlinkung nicht erkennbar.<br \/>\nEine permanente inhaltliche Kontrolle der verlinkten Seiten ist jedoch ohne konkrete Anhaltspunkte einer Rechtsverletzung nicht zumutbar. Bei Bekanntwerden von Rechtsverletzungen werden wir derartige Links umgehend entfernen.<\/p>\n<h3>Urheberrecht<\/h3>\n<p>Die durch die Seitenbetreiber erstellten Inhalte und Werke auf diesen Seiten unterliegen dem deutschen Urheberrecht. Die Vervielf\u00e4ltigung, Bearbeitung, Verbreitung und jede Art der Verwertung au\u00dferhalb der Grenzen des Urheberrechtes bed\u00fcrfen der schriftlichen Zustimmung des jeweiligen Autors bzw. Erstellers. Downloads und Kopien dieser Seite sind nur f\u00fcr den privaten, nicht kommerziellen Gebrauch gestattet.<br \/>Soweit die Inhalte auf dieser Seite nicht vom Betreiber erstellt wurden, werden die Urheberrechte Dritter beachtet. Insbesondere werden Inhalte Dritter als solche gekennzeichnet.<br \/>\n<b>Foto-Nachweise<\/b>:<br \/>\nDie Abbildungen im Shop wurden mit freundlicher Genehmigung von folgenden Firmen zur Verf\u00fcgung gestellt:<br \/>\nKeramik &#8211; Privat (A. Loock-Saadi)<br \/>\nKerzen &#8211; Firma Affari, Schweden<br \/>\nTischw\u00e4sche &#8211; Le Jacquard Francais, Frankreich<br \/>\nWohn-Accersoires und Gebrauchskunst &#8211; Chic Antique, D\u00e4nemark; Ib Laursen APs, D\u00e4nemark; Firma Bloomingville, D\u00e4nemark;<\/p>\n<p>Sollten Sie trotzdem auf eine Urheberrechtsverletzung aufmerksam werden, bitten wir um einen entsprechenden Hinweis. Bei Bekanntwerden von Rechtsverletzungen werden wir derartige Inhalte umgehend entfernen.<\/p>\n<p>\nUmsetzung:<br \/>\nAgentur Durchdacht<br \/>\nWartung:<br \/>\nIT to Marketing<br \/>\n<a href=\"https:\/\/www.it2marketing.de\" target=\"_blank\" title=\"\">Internet: www.it2marketing.de<\/a><br \/>\n<a href=\"mailto:info@it-2m.de\" target=\"_blank\" title=\"\">E-Mail: info@it-2m.de<\/a><\/p>\n","protected":false},"excerpt":{"rendered":"<p>Angaben gem\u00e4\u00df \u00a7 5 TMG: LebensArt &#8211; Wohnen wird bei uns Poesie Gesch\u00e4ftsf\u00fcherin: Anette Loock-Saadi D\u00fcnenstra\u00dfe 40 17419 Seebad Ahlbeck Kontaktm\u00f6glichkeiten: Telefon: 038378 339 911 E-Mail: mail@lebensart-usedom.de Umsatzsteuer: Umsatzsteuer-Identifikationsnummer gem\u00e4\u00df \u00a727a Umsatzsteuergesetz: DE 813 514 018 Streitschlichtung Die EU-Kommission hat eine Internetplattform zur Online-Beilegung von Streitigkeiten (sog. \u201eOS-Plattform\u201c) geschaffen. Die OS-Plattform dient als Anlaufstelle zur [&hellip;]<\/p>\n","protected":false},"author":1,"featured_media":0,"parent":0,"menu_order":0,"comment_status":"closed","ping_status":"closed","template":"","meta":{"_bbp_topic_count":0,"_bbp_reply_count":0,"_bbp_total_topic_count":0,"_bbp_total_reply_count":0,"_bbp_voice_count":0,"_bbp_anonymous_reply_count":0,"_bbp_topic_count_hidden":0,"_bbp_reply_count_hidden":0,"_bbp_forum_subforum_count":0},"_links":{"self":[{"href":"https:\/\/lebensart-usedom.de\/wordpress\/wp-json\/wp\/v2\/pages\/7"}],"collection":[{"href":"https:\/\/lebensart-usedom.de\/wordpress\/wp-json\/wp\/v2\/pages"}],"about":[{"href":"https:\/\/lebensart-usedom.de\/wordpress\/wp-json\/wp\/v2\/types\/page"}],"author":[{"embeddable":true,"href":"https:\/\/lebensart-usedom.de\/wordpress\/wp-json\/wp\/v2\/users\/1"}],"replies":[{"embeddable":true,"href":"https:\/\/lebensart-usedom.de\/wordpress\/wp-json\/wp\/v2\/comments?post=7"}],"version-history":[{"count":19,"href":"https:\/\/lebensart-usedom.de\/wordpress\/wp-json\/wp\/v2\/pages\/7\/revisions"}],"predecessor-version":[{"id":1047,"href":"https:\/\/lebensart-usedom.de\/wordpress\/wp-json\/wp\/v2\/pages\/7\/revisions\/1047"}],"wp:attachment":[{"href":"https:\/\/lebensart-usedom.de\/wordpress\/wp-json\/wp\/v2\/media?parent=7"}],"curies":[{"name":"wp","href":"https:\/\/api.w.org\/{rel}","templated":true}]}}